{"id":52,"date":"2026-02-24T16:39:35","date_gmt":"2026-02-24T15:39:35","guid":{"rendered":"https:\/\/nyddinferie.dk\/raettsligt-meddelande\/"},"modified":"2026-02-24T16:39:35","modified_gmt":"2026-02-24T15:39:35","slug":"raettsligt-meddelande","status":"publish","type":"page","link":"https:\/\/nyddinferie.dk\/sv\/raettsligt-meddelande\/","title":{"rendered":"R\u00e4ttsligt meddelande"},"content":{"rendered":"<p>Detta dokument fastst\u00e4ller de villkor under vilka anv\u00e4ndningen av webbplatsen <strong>https:\/\/nyddinferie.dk<\/strong> regleras, nedan kallad Katalogen. \u00c5tkomst och anv\u00e4ndning av denna webbplats ger anv\u00e4ndarstatus och inneb\u00e4r fullst\u00e4ndig och f\u00f6rbeh\u00e5llsl\u00f6s acceptans av alla best\u00e4mmelser som ing\u00e5r i detta juridiska meddelande.<\/p>\n<h2>Personuppgiftsansvarig<\/h2>\n<p>\u00c4garen av denna webbplats \u00e4r \u00e4garen till <strong>Rejsebureauer i Danmark<\/strong>.<\/p>\n<ul>\n<li><strong>Webbplatsnamn:<\/strong> Rejsebureauer i Danmark<\/li>\n<\/ul>\n<h2>Immateriell egendom<\/h2>\n<p>Allt inneh\u00e5ll p\u00e5 webbplatsen, inklusive text, grafik, logotyper, bilder, grafisk design, k\u00e4llkod och programvara, tillh\u00f6r exklusivt katalog\u00e4garen eller tredje parter som har godk\u00e4nt dess anv\u00e4ndning. De skyddas av immaterialr\u00e4ttsliga och industriella egendomslagar.<\/p>\n<p>Reproduktion, distribution, offentlig kommunikation, omvandling eller n\u00e5gon annan form av exploatering av hela eller delar av inneh\u00e5llet utan f\u00f6reg\u00e5ende skriftligt tillst\u00e5nd fr\u00e5n deras legitima \u00e4gare \u00e4r str\u00e4ngt f\u00f6rbjudet.<\/p>\n<p>Tredjepartsvarum\u00e4rken och handelsnamn som kan f\u00f6rekomma i Katalogen tillh\u00f6r deras respektive \u00e4gare. Deras inkludering inneb\u00e4r inte att det finns en associerings-, samarbets- eller deltaganderelation mellan oss och n\u00e4mnda \u00e4gare.<\/p>\n<h2>Ansvarsfriskrivning<\/h2>\n<p>Inneh\u00e5llet i denna Katalog erbjuds i informationssyfte. Webbplats\u00e4garen g\u00f6r sitt b\u00e4sta f\u00f6r att s\u00e4kerst\u00e4lla att informationen \u00e4r korrekt och uppdaterad; dock kan den inte garantera fr\u00e5nvaron av fel eller informationens fullst\u00e4ndiga korrekthet.<\/p>\n<p>Vi \u00e4r inte ansvariga f\u00f6r beslut som fattas baserat p\u00e5 informationen som tillhandah\u00e5lls p\u00e5 portalen, inte heller f\u00f6r skador och f\u00f6rluster som orsakats anv\u00e4ndaren eller tredje parter genom handlingar baserade p\u00e5 s\u00e5dan information.<\/p>\n<h2>Tredjepartsl\u00e4nkar<\/h2>\n<p>Katalogen kan inneh\u00e5lla l\u00e4nkar till tredjepartswebbplatser \u00f6ver vilka vi inte har n\u00e5gon kontroll och f\u00f6r vilka vi inte tar n\u00e5got ansvar. Inkluderingen av dessa l\u00e4nkar inneb\u00e4r inte en rekommendation eller ett godk\u00e4nnande av deras inneh\u00e5ll.<\/p>\n<p>Vi rekommenderar att anv\u00e4ndare l\u00e4ser villkoren och integritetspolicyerna f\u00f6r alla tredjepartswebbplatser de bes\u00f6ker.<\/p>\n<h2>Ansvarsbegr\u00e4nsning<\/h2>\n<p>Tillg\u00e5ngen till Katalogen kan tillf\u00e4lligt st\u00e4ngas av p\u00e5 grund av underh\u00e5ll, reparationer eller uppdateringar. Vi garanterar inte att tj\u00e4nsten kommer att vara oavbruten eller fri fr\u00e5n tekniska fel.<\/p>\n<p>I den maximala utstr\u00e4ckning som lagen till\u00e5ter, friskriver sig \u00e4garen fr\u00e5n allt ansvar f\u00f6r skador av n\u00e5got slag som kan bero p\u00e5 bristande tillg\u00e4nglighet eller kontinuitet i katalogens drift.<\/p>\n<p>Anv\u00e4ndaren erk\u00e4nner och accepterar att den anv\u00e4nder katalogen och dess tj\u00e4nster under eget och exklusivt ansvar.<\/p>\n","protected":false},"excerpt":{"rendered":"<p>Detta dokument fastst\u00e4ller de villkor under vilka anv\u00e4ndningen av webbplatsen https:\/\/nyddinferie.dk regleras, nedan kallad Katalogen. \u00c5tkomst och anv\u00e4ndning av denna webbplats ger anv\u00e4ndarstatus och inneb\u00e4r fullst\u00e4ndig och f\u00f6rbeh\u00e5llsl\u00f6s acceptans av alla best\u00e4mmelser som ing\u00e5r i detta juridiska meddelande. Personuppgiftsansvarig \u00c4garen av denna webbplats \u00e4r \u00e4garen till Rejsebureauer i Danmark. Webbplatsnamn: Rejsebureauer i Danmark Immateriell egendom<a href=\"https:\/\/nyddinferie.dk\/sv\/raettsligt-meddelande\/\">Forts\u00e4tt l\u00e4sa <span class=\"sr-only\">&#8221;R\u00e4ttsligt meddelande&#8221;<\/span><\/a><\/p>\n","protected":false},"author":1,"featured_media":0,"parent":0,"menu_order":0,"comment_status":"closed","ping_status":"closed","template":"","meta":{"footnotes":""},"class_list":["post-52","page","type-page","status-publish","hentry"],"_links":{"self":[{"href":"https:\/\/nyddinferie.dk\/sv\/wp-json\/wp\/v2\/pages\/52","targetHints":{"allow":["GET"]}}],"collection":[{"href":"https:\/\/nyddinferie.dk\/sv\/wp-json\/wp\/v2\/pages"}],"about":[{"href":"https:\/\/nyddinferie.dk\/sv\/wp-json\/wp\/v2\/types\/page"}],"author":[{"embeddable":true,"href":"https:\/\/nyddinferie.dk\/sv\/wp-json\/wp\/v2\/users\/1"}],"replies":[{"embeddable":true,"href":"https:\/\/nyddinferie.dk\/sv\/wp-json\/wp\/v2\/comments?post=52"}],"version-history":[{"count":0,"href":"https:\/\/nyddinferie.dk\/sv\/wp-json\/wp\/v2\/pages\/52\/revisions"}],"wp:attachment":[{"href":"https:\/\/nyddinferie.dk\/sv\/wp-json\/wp\/v2\/media?parent=52"}],"curies":[{"name":"wp","href":"https:\/\/api.w.org\/{rel}","templated":true}]}}